{"id":995,"date":"2017-08-14T08:01:22","date_gmt":"2017-08-14T08:01:22","guid":{"rendered":"https:\/\/primecranepr.com\/home\/"},"modified":"2025-11-26T11:31:00","modified_gmt":"2025-11-26T15:31:00","slug":"home","status":"publish","type":"page","link":"https:\/\/primecranepr.com\/es\/","title":{"rendered":"Home"},"content":{"rendered":"<img decoding=\"async\" src=\"https:\/\/primecranepr.com\/wp-content\/uploads\/2023\/06\/pcs-fondo-y-grua-ESP.jpeg\" alt=\"montaje-pcs\" itemprop=\"image\" height=\"1080\" width=\"1920\" title=\"montaje-pcs\" onerror=\"this.style.display='none'\" loading=\"lazy\" \/>\n\t\t\t\t<img decoding=\"async\" src=\"https:\/\/primecranepr.com\/wp-content\/uploads\/2023\/06\/pcs-1.png\" alt=\"pcs-1\" itemprop=\"image\" height=\"571\" width=\"663\" title=\"pcs-1\" onerror=\"this.style.display='none'\" loading=\"lazy\" \/>\n\t<ul>\n\t\t<li>\t\t\n\t\t\t\t<img decoding=\"async\" src=\"https:\/\/primecranepr.com\/wp-content\/uploads\/2023\/06\/pcs-checklist.png\" alt=\"pcs-checklist\" itemprop=\"image\"\/>\n\t\t<h4>Visitas en 24 horas<\/h4><\/li><li>\t\t\n\t\t\t\t<img decoding=\"async\" src=\"https:\/\/primecranepr.com\/wp-content\/uploads\/2023\/06\/pcs-checklist.png\" alt=\"pcs-checklist\" itemprop=\"image\"\/>\n\t\t<h4>Flota de equipos modernos<\/h4><\/li><li>\t\t\n\t\t\t\t<img decoding=\"async\" src=\"https:\/\/primecranepr.com\/wp-content\/uploads\/2023\/06\/pcs-checklist.png\" alt=\"pcs-checklist\" itemprop=\"image\"\/>\n\t\t<h4>T\u00e9cnicos certificados<\/h4><\/li><li>\t\t\n\t\t\t\t<img decoding=\"async\" src=\"https:\/\/primecranepr.com\/wp-content\/uploads\/2023\/06\/pcs-checklist.png\" alt=\"pcs-checklist\" itemprop=\"image\"\/>\n\t\t<h4>Taller de mantenimiento<\/h4><\/li><li>\t\t\n\t\t\t\t<img decoding=\"async\" src=\"https:\/\/primecranepr.com\/wp-content\/uploads\/2023\/06\/pcs-checklist.png\" alt=\"pcs-checklist\" itemprop=\"image\"\/>\n\t\t<h4>Servicio 24 horas los 7 d\u00edas a la semana<\/h4><\/li>\t<\/ul>\n\t\t\t<h3>\n\t\t\t\t\tPrime Crane Services, LLC (PCS)\n\t\t\t\t<\/h3>\n\t\t\t<p>Utilizamos modernas y especializadas gr\u00faas hidr\u00e1ulicas para realizar todo tipo de trabajos en proyectos. Las m\u00e1quinas utilizadas son de carga pesada, BOOM trucks, Gin-Pole, entre otras. Toda la maquinaria de Prime Crane Services se encuentra en funcionamiento, asegurada, certificada y cumpliendo con los est\u00e1ndares de mantenimiento seg\u00fan los fabricantes. Adem\u00e1s, PCS est\u00e1 certificado por Associated General Contractors (AGC), OSHA, Manufacturers y cumple con todas las reglamentaciones estatales y federales.<\/p>\n\t\t\t<h3>\n\t\t\t\t\tServicios a Industrias\n\t\t\t\t<\/h3>\n<h4>\n\t\t\tTelecom\t<\/h4>\n<h4>\n\t\t\tPaisajes\t<\/h4>\n<h4>\n\t\t\tHVAC &#038; Mechanical\t<\/h4>\n<h4>\n\t\t\tSalud\t<\/h4>\n<h4>\n\t\t\tEnerg\u00eda Renovable\t<\/h4>\n<h4>\n\t\t\tStructural &#038; MaintEnance\t<\/h4>\n<h4>\n\t\t\tGobierno\t<\/h4>\n<h4>\n\t\t\tCommercial &#038; Residential Construction\t<\/h4>\n<h4>\n\t\t\tRefiner\u00eda Destiler\u00eda\t<\/h4>\n\t\t\t<h3>\n\t\t\t\t\tFlota\n\t\t\t\t<\/h3>\n<h4>\n\t\t\tHeavy Lifting\t<\/h4>\n<h4>\n\t\t\tBoom Trucks\t<\/h4>\n<h4>\n\t\t\tOtros\t<\/h4>\n\t\t\t<h3>\n\t\t\t\t\tContacto\n\t\t\t\t<\/h3>\n\t<ul>\n\t\t<li>\t\t\t\t\n\t\t<h4>Ventas<\/h4><p>(787) 370-9007<\/p><\/li><li>\t\t\t\t\n\t\t<h4>Oficina<\/h4><p>(939) 545-5454<\/p><\/li><li>\t\t\t\t\n\t\t<h4>Correo Electr\u00f3nico<\/h4><p>info@primecranepr.com<\/p><\/li><li>\t\t\t\t\n\t\t<h4>Direcci\u00f3n<\/h4><p>PR-2 km 27.2, Bo. Espinosa<br \/>Dorado PR 00646<\/p><\/li>\t<\/ul>\n\t<iframe style=\"width: 100%; max-width: 500px;\" height=\"750px\" src=\"https:\/\/oembed.jotform.com\/220685695919675\" sandbox=\"allow-forms allow-scripts allow-same-origin allow-top-navigation allow-popups allow-popups-to-escape-sandbox\"><\/iframe>\n\t\t\t<h3>\n\t\t\t\t\tCompa\u00f1ias Aliadas\n\t\t\t\t<\/h3>\n\t\t\t\t<a href=\"https:\/\/sitestorepr.com\/\"  target=\"_blank\" rel=\"noopener\"  itemprop=\"url\">\n\t\t\t\t<img decoding=\"async\" src=\"https:\/\/primecranepr.com\/wp-content\/uploads\/2023\/06\/Logos-Corporativos-Site-Store-300x213-1.png\" alt=\"Logos-Corporativos-Site-Store-300x213\" itemprop=\"image\" height=\"213\" width=\"300\" title=\"Logos-Corporativos-Site-Store-300x213\" onerror=\"this.style.display='none'\" loading=\"lazy\" \/>\n\t\t\t\t<\/a>\n<h5>\n\t\t<a href=\"https:\/\/sitestorepr.com\/\" title=\"The Site Store, LLC\"  target=\"_blank\"  rel=\"noopener\">\n\t\t\tThe Site Store, LLC\t\t<\/a>\n\t<\/h5>\n\t<a href=\"https:\/\/primecranepr.com\/es\/sfs\/\" target=\"_blank\" rel=\"noopener\" itemprop=\"url\">\n\t\t\t\t<img loading=\"lazy\" decoding=\"async\" src=\"https:\/\/primecranepr.com\/wp-content\/uploads\/2023\/06\/SFS-logo-300x174-1.png\" alt=\"SFS-logo-300x174-1\" itemprop=\"image\" height=\"174\" width=\"300\" title=\"SFS-logo-300x174-1\"\/>\n\t\t\t\t<\/a>\n<h5>\n\t\t<a href=\"https:\/\/primecranepr.com\/es\/sfs\/\" title=\"Super Foundation Services Corp.\"  target=\"_blank\"  rel=\"noopener\">\n\t\t\tSuper Foundation Services Corp.\t\t<\/a>\n\t<\/h5>\n\t\t\t\t<a href=\"https:\/\/primecranepr.com\/es\/stc\/\"  target=\"_blank\" rel=\"noopener\"  itemprop=\"url\">\n\t\t\t\t<img decoding=\"async\" src=\"https:\/\/primecranepr.com\/wp-content\/uploads\/2023\/06\/Logo-STC-New-2.png\" alt=\"Logo-STC-New-2\" itemprop=\"image\" height=\"88\" width=\"400\" title=\"Logo-STC-New-2\" onerror=\"this.style.display='none'\" loading=\"lazy\" \/>\n\t\t\t\t<\/a>\n<h5>\n\t\t\tSpider Telecom Construction, LLC\t<\/h5>","protected":false},"excerpt":{"rendered":"<p>Visits in 24 hours Modern equipment fleets Certified technicians Maintenance workshop Service 24 hours 7 days a week Prime Crane Services, LLC (PCS) We use modern and specialized hydraulic cranes to carry out all kinds of work on projects. The machines used are heavy lifting, BOOM trucks, Gin-Pole, among others. All Prime Crane Services machinery [&hellip;]<\/p>\n","protected":false},"author":1,"featured_media":0,"parent":0,"menu_order":0,"comment_status":"closed","ping_status":"closed","template":"","meta":{"site-sidebar-layout":"no-sidebar","site-content-layout":"page-builder","ast-site-content-layout":"full-width-container","site-content-style":"unboxed","site-sidebar-style":"unboxed","ast-global-header-display":"","ast-banner-title-visibility":"","ast-main-header-display":"","ast-hfb-above-header-display":"","ast-hfb-below-header-display":"","ast-hfb-mobile-header-display":"","site-post-title":"disabled","ast-breadcrumbs-content":"","ast-featured-img":"disabled","footer-sml-layout":"","ast-disable-related-posts":"","theme-transparent-header-meta":"","adv-header-id-meta":"","stick-header-meta":"","header-above-stick-meta":"","header-main-stick-meta":"","header-below-stick-meta":"","astra-migrate-meta-layouts":"set","ast-page-background-enabled":"default","ast-page-background-meta":{"desktop":{"background-color":"","background-image":"","background-repeat":"repeat","background-position":"center center","background-size":"auto","background-attachment":"scroll","background-type":"","background-media":"","overlay-type":"","overlay-color":"","overlay-opacity":"","overlay-gradient":""},"tablet":{"background-color":"","background-image":"","background-repeat":"repeat","background-position":"center center","background-size":"auto","background-attachment":"scroll","background-type":"","background-media":"","overlay-type":"","overlay-color":"","overlay-opacity":"","overlay-gradient":""},"mobile":{"background-color":"","background-image":"","background-repeat":"repeat","background-position":"center center","background-size":"auto","background-attachment":"scroll","background-type":"","background-media":"","overlay-type":"","overlay-color":"","overlay-opacity":"","overlay-gradient":""}},"ast-content-background-meta":{"desktop":{"background-color":"var(--ast-global-color-5)","background-image":"","background-repeat":"repeat","background-position":"center center","background-size":"auto","background-attachment":"scroll","background-type":"","background-media":"","overlay-type":"","overlay-color":"","overlay-opacity":"","overlay-gradient":""},"tablet":{"background-color":"var(--ast-global-color-5)","background-image":"","background-repeat":"repeat","background-position":"center center","background-size":"auto","background-attachment":"scroll","background-type":"","background-media":"","overlay-type":"","overlay-color":"","overlay-opacity":"","overlay-gradient":""},"mobile":{"background-color":"var(--ast-global-color-5)","background-image":"","background-repeat":"repeat","background-position":"center center","background-size":"auto","background-attachment":"scroll","background-type":"","background-media":"","overlay-type":"","overlay-color":"","overlay-opacity":"","overlay-gradient":""}},"footnotes":""},"class_list":["post-995","page","type-page","status-publish","hentry"],"_links":{"self":[{"href":"https:\/\/primecranepr.com\/es\/wp-json\/wp\/v2\/pages\/995","targetHints":{"allow":["GET"]}}],"collection":[{"href":"https:\/\/primecranepr.com\/es\/wp-json\/wp\/v2\/pages"}],"about":[{"href":"https:\/\/primecranepr.com\/es\/wp-json\/wp\/v2\/types\/page"}],"author":[{"embeddable":true,"href":"https:\/\/primecranepr.com\/es\/wp-json\/wp\/v2\/users\/1"}],"replies":[{"embeddable":true,"href":"https:\/\/primecranepr.com\/es\/wp-json\/wp\/v2\/comments?post=995"}],"version-history":[{"count":28,"href":"https:\/\/primecranepr.com\/es\/wp-json\/wp\/v2\/pages\/995\/revisions"}],"predecessor-version":[{"id":1165,"href":"https:\/\/primecranepr.com\/es\/wp-json\/wp\/v2\/pages\/995\/revisions\/1165"}],"wp:attachment":[{"href":"https:\/\/primecranepr.com\/es\/wp-json\/wp\/v2\/media?parent=995"}],"curies":[{"name":"wp","href":"https:\/\/api.w.org\/{rel}","templated":true}]}}